{"id":1916,"date":"2025-12-04T11:34:41","date_gmt":"2025-12-04T11:34:41","guid":{"rendered":"https:\/\/cortesancarlo.it\/nei-dintorni\/"},"modified":"2025-12-09T14:08:05","modified_gmt":"2025-12-09T14:08:05","slug":"umgebung","status":"publish","type":"page","link":"https:\/\/cortesancarlo.it\/de\/umgebung\/","title":{"rendered":"Umgebung"},"content":{"rendered":"<section class=\"bde-section-1916-100 bde-section\">\n              \n  \n  \n\t\n\n  <div class=\"section-background-overlay\"><\/div>\n\n\n<div class=\"section-container\"><h1 class=\"bde-heading-1916-101 bde-heading\">\nUmgebung\n<\/h1><\/div>\n<\/section><section id=\"scroll\" class=\"bde-section-1916-102 bde-section\">\n  \n  \n\t\n\n\n\n<div class=\"section-container\"><div class=\"bde-columns-1916-103 bde-columns\"><div class=\"bde-column-1916-104 bde-column\">\n  \n  \n\t\n\n\n\n<div class=\"bde-text-1916-105 bde-text\">\n\n<\/div><h3 class=\"bde-heading-1916-106 bde-heading\">\nEin Gebiet, das darauf wartet, entdeckt zu werden\n<\/h3><div class=\"bde-text-1916-107 bde-text\">\nNur wenige Schritte von der Residenz entfernt befinden sich die ber\u00fchmten Thermen von Col\u00e0, eine Wellness-Oase im Gr\u00fcnen, die man leicht zu Fu\u00df erreichen kann. Die Umgebung ist perfekt f\u00fcr alle, die sich gerne an der frischen Luft bewegen, mit idealen Routen f\u00fcr entspannende Spazierg\u00e4nge, Fahrradwegen zwischen dem Hinterland und dem See sowie Golfpl\u00e4tzen in unmittelbarer N\u00e4he. Ein vielseitiges Gebiet, das sowohl f\u00fcr Erholungssuchende als auch f\u00fcr Aktivurlauber das ganze Jahr \u00fcber geeignet ist.\n<\/div><img data-opt-id=1342692318  fetchpriority=\"high\" decoding=\"async\" class=\"bde-image2-1916-108 bde-image2\" src=\"https:\/\/mlbn7phfehel.i.optimole.com\/cb:3E4p.555\/w:auto\/h:auto\/q:mauto\/f:best\/https:\/\/cortesancarlo.it\/wp-content\/uploads\/2025\/12\/arena-3066194_1280.webp\" loading=\"lazy\" srcset=\"https:\/\/mlbn7phfehel.i.optimole.com\/cb:3E4p.555\/w:auto\/h:auto\/q:mauto\/f:best\/https:\/\/cortesancarlo.it\/wp-content\/uploads\/2025\/12\/arena-3066194_1280.webp 1280w, https:\/\/mlbn7phfehel.i.optimole.com\/cb:3E4p.555\/w:300\/h:199\/q:mauto\/f:best\/https:\/\/cortesancarlo.it\/wp-content\/uploads\/2025\/12\/arena-3066194_1280.webp 300w, https:\/\/mlbn7phfehel.i.optimole.com\/cb:3E4p.555\/w:1024\/h:678\/q:mauto\/f:best\/https:\/\/cortesancarlo.it\/wp-content\/uploads\/2025\/12\/arena-3066194_1280.webp 1024w, https:\/\/mlbn7phfehel.i.optimole.com\/cb:3E4p.555\/w:768\/h:509\/q:mauto\/f:best\/https:\/\/cortesancarlo.it\/wp-content\/uploads\/2025\/12\/arena-3066194_1280.webp 768w, https:\/\/mlbn7phfehel.i.optimole.com\/cb:3E4p.555\/w:18\/h:12\/q:mauto\/f:best\/dpr:2\/https:\/\/cortesancarlo.it\/wp-content\/uploads\/2025\/12\/arena-3066194_1280.webp 18w\" sizes=\"(max-width: 1280px) 100vw, 1280px\">\n<\/div><div class=\"bde-column-1916-109 bde-column\">\n  \n  \n\t\n\n\n\n<img data-opt-id=1456861468  fetchpriority=\"high\" decoding=\"async\" class=\"bde-image2-1916-110 bde-image2\" src=\"https:\/\/mlbn7phfehel.i.optimole.com\/cb:3E4p.555\/w:auto\/h:auto\/q:mauto\/f:best\/https:\/\/cortesancarlo.it\/wp-content\/uploads\/2025\/12\/terme-lazise.webp\" loading=\"lazy\" srcset=\"https:\/\/mlbn7phfehel.i.optimole.com\/cb:3E4p.555\/w:auto\/h:auto\/q:mauto\/f:best\/https:\/\/cortesancarlo.it\/wp-content\/uploads\/2025\/12\/terme-lazise.webp 2048w, https:\/\/mlbn7phfehel.i.optimole.com\/cb:3E4p.555\/w:300\/h:169\/q:mauto\/f:best\/https:\/\/cortesancarlo.it\/wp-content\/uploads\/2025\/12\/terme-lazise.webp 300w, https:\/\/mlbn7phfehel.i.optimole.com\/cb:3E4p.555\/w:1024\/h:577\/q:mauto\/f:best\/https:\/\/cortesancarlo.it\/wp-content\/uploads\/2025\/12\/terme-lazise.webp 1024w, https:\/\/mlbn7phfehel.i.optimole.com\/cb:3E4p.555\/w:768\/h:433\/q:mauto\/f:best\/https:\/\/cortesancarlo.it\/wp-content\/uploads\/2025\/12\/terme-lazise.webp 768w, https:\/\/mlbn7phfehel.i.optimole.com\/cb:3E4p.555\/w:1536\/h:866\/q:mauto\/f:best\/https:\/\/cortesancarlo.it\/wp-content\/uploads\/2025\/12\/terme-lazise.webp 1536w, https:\/\/mlbn7phfehel.i.optimole.com\/cb:3E4p.555\/w:18\/h:10\/q:mauto\/f:best\/dpr:2\/https:\/\/cortesancarlo.it\/wp-content\/uploads\/2025\/12\/terme-lazise.webp 18w\" sizes=\"(max-width: 2048px) 100vw, 2048px\"><div class=\"bde-text-1916-111 bde-text\">\nDie strategische Lage der Residenz macht es einfach, Verona zu erreichen, eine herrliche Kunststadt, die f\u00fcr ihre r\u00f6mische Arena, den Balkon der Julia und ihre faszinierenden historischen Monumente ber\u00fchmt ist. Der Gardasee mit seinen Gew\u00e4ssern, charakteristischen D\u00f6rfern und Panoramastra\u00dfen zwischen den Mor\u00e4nenh\u00fcgeln bietet eine eindrucksvolle Kulisse f\u00fcr unvergessliche Touren mit dem Motorrad, dem Fahrrad oder einfach f\u00fcr angenehme Tage voller Kultur, Natur und Sch\u00f6nheit.\n<\/div><img data-opt-id=1456861468  data-opt-src=\"https:\/\/mlbn7phfehel.i.optimole.com\/cb:3E4p.555\/w:auto\/h:auto\/q:mauto\/f:best\/https:\/\/cortesancarlo.it\/wp-content\/uploads\/2025\/12\/terme-lazise.webp\"  decoding=\"async\" class=\"bde-image2-1916-112 bde-image2\" src=\"data:image/svg+xml,%3Csvg%20viewBox%3D%220%200%20100%%20100%%22%20width%3D%22100%%22%20height%3D%22100%%22%20xmlns%3D%22http%3A%2F%2Fwww.w3.org%2F2000%2Fsvg%22%3E%3Crect%20width%3D%22100%%22%20height%3D%22100%%22%20fill%3D%22transparent%22%2F%3E%3C%2Fsvg%3E\" loading=\"lazy\" old-srcset=\"https:\/\/mlbn7phfehel.i.optimole.com\/cb:3E4p.555\/w:auto\/h:auto\/q:mauto\/f:best\/https:\/\/cortesancarlo.it\/wp-content\/uploads\/2025\/12\/terme-lazise.webp 2048w, https:\/\/mlbn7phfehel.i.optimole.com\/cb:3E4p.555\/w:300\/h:169\/q:mauto\/f:best\/https:\/\/cortesancarlo.it\/wp-content\/uploads\/2025\/12\/terme-lazise.webp 300w, https:\/\/mlbn7phfehel.i.optimole.com\/cb:3E4p.555\/w:1024\/h:577\/q:mauto\/f:best\/https:\/\/cortesancarlo.it\/wp-content\/uploads\/2025\/12\/terme-lazise.webp 1024w, https:\/\/mlbn7phfehel.i.optimole.com\/cb:3E4p.555\/w:768\/h:433\/q:mauto\/f:best\/https:\/\/cortesancarlo.it\/wp-content\/uploads\/2025\/12\/terme-lazise.webp 768w, https:\/\/mlbn7phfehel.i.optimole.com\/cb:3E4p.555\/w:1536\/h:866\/q:mauto\/f:best\/https:\/\/cortesancarlo.it\/wp-content\/uploads\/2025\/12\/terme-lazise.webp 1536w, https:\/\/mlbn7phfehel.i.optimole.com\/cb:3E4p.555\/w:18\/h:10\/q:mauto\/f:best\/dpr:2\/https:\/\/cortesancarlo.it\/wp-content\/uploads\/2025\/12\/terme-lazise.webp 18w\">\n<\/div><\/div><\/div>\n<\/section><section class=\"bde-section-1916-113 bde-section\">\n  \n  \n\t\n\n\n\n<div class=\"section-container\"><h3 class=\"bde-heading-1916-114 bde-heading\">\nWas zu tun und was zu besuchen ist\n<\/h3><div class=\"bde-grid-1916-115 bde-grid\">\n  \n  \n\t\n\n\n\n<div class=\"bde-image-box-1916-116 bde-image-box bde-image-box-content-padding-only\">\n<div class=\"ee-imagebox-image\">\n  <img data-opt-id=1456861468  data-opt-src=\"https:\/\/mlbn7phfehel.i.optimole.com\/cb:3E4p.555\/w:auto\/h:auto\/q:mauto\/f:best\/https:\/\/cortesancarlo.it\/wp-content\/uploads\/2025\/12\/terme-lazise.webp\"  decoding=\"async\" class=\"breakdance-image-object\" src=\"data:image/svg+xml,%3Csvg%20viewBox%3D%220%200%20100%%20100%%22%20width%3D%22100%%22%20height%3D%22100%%22%20xmlns%3D%22http%3A%2F%2Fwww.w3.org%2F2000%2Fsvg%22%3E%3Crect%20width%3D%22100%%22%20height%3D%22100%%22%20fill%3D%22transparent%22%2F%3E%3C%2Fsvg%3E\" width=\"2048\" height=\"1154\" old-srcset=\"https:\/\/mlbn7phfehel.i.optimole.com\/cb:3E4p.555\/w:auto\/h:auto\/q:mauto\/f:best\/https:\/\/cortesancarlo.it\/wp-content\/uploads\/2025\/12\/terme-lazise.webp 2048w, https:\/\/mlbn7phfehel.i.optimole.com\/cb:3E4p.555\/w:300\/h:169\/q:mauto\/f:best\/https:\/\/cortesancarlo.it\/wp-content\/uploads\/2025\/12\/terme-lazise.webp 300w, https:\/\/mlbn7phfehel.i.optimole.com\/cb:3E4p.555\/w:1024\/h:577\/q:mauto\/f:best\/https:\/\/cortesancarlo.it\/wp-content\/uploads\/2025\/12\/terme-lazise.webp 1024w, https:\/\/mlbn7phfehel.i.optimole.com\/cb:3E4p.555\/w:768\/h:433\/q:mauto\/f:best\/https:\/\/cortesancarlo.it\/wp-content\/uploads\/2025\/12\/terme-lazise.webp 768w, https:\/\/mlbn7phfehel.i.optimole.com\/cb:3E4p.555\/w:1536\/h:866\/q:mauto\/f:best\/https:\/\/cortesancarlo.it\/wp-content\/uploads\/2025\/12\/terme-lazise.webp 1536w, https:\/\/mlbn7phfehel.i.optimole.com\/cb:3E4p.555\/w:18\/h:10\/q:mauto\/f:best\/dpr:2\/https:\/\/cortesancarlo.it\/wp-content\/uploads\/2025\/12\/terme-lazise.webp 18w\">\n<\/div>\n<div class=\"ee-imagebox-content\">\n      <p class=\"ee-imagebox-title bde-h3\" >Col\u00e0 di Lazise<\/p>\n    \n      <div class=\"ee-imagebox-text\" >In Col\u00e0 di Lazise, einer kleinen Stadt im Hinterland des Gardasees in Venetien, wurde die Entdeckung des hei\u00dfen Wassers zu einem au\u00dfergew\u00f6hnlichen Ereignis. Die N\u00e4he zu den Thermen von Col\u00e0 hat die Residenz \"Corte San Carlo\" schon vor 1800 zu einem Urlaubsdomizil gemacht, denn sie liegt in einer Panoramalage inmitten von Olivenhainen und Weinbergen.  Col\u00e0 di Lazise, ein kleines Dorf mit ca. 1.000 Einwohnern, 1 km vom Gardasee entfernt, verf\u00fcgt \u00fcber eine breite Palette von Dienstleistungen. In Col\u00e0 gibt es einen kleinen, aber gut sortierten Supermarkt, eine Bank, ein Postamt, ein Restaurant, eine Pizzeria, eine Bar\/Cafeteria und einen Friseursalon.<\/div>\n    \n  <\/div>\n\n<\/div><div class=\"bde-image-box-1916-117 bde-image-box bde-image-box-content-padding-only\">\n<div class=\"ee-imagebox-image\">\n  <img data-opt-id=1160417403  data-opt-src=\"https:\/\/mlbn7phfehel.i.optimole.com\/cb:3E4p.555\/w:auto\/h:auto\/q:mauto\/f:best\/https:\/\/cortesancarlo.it\/wp-content\/uploads\/2025\/12\/corte-san-carlo-nei-dintorni.webp\"  decoding=\"async\" class=\"breakdance-image-object\" src=\"data:image/svg+xml,%3Csvg%20viewBox%3D%220%200%20100%%20100%%22%20width%3D%22100%%22%20height%3D%22100%%22%20xmlns%3D%22http%3A%2F%2Fwww.w3.org%2F2000%2Fsvg%22%3E%3Crect%20width%3D%22100%%22%20height%3D%22100%%22%20fill%3D%22transparent%22%2F%3E%3C%2Fsvg%3E\" width=\"800\" height=\"600\" old-srcset=\"https:\/\/mlbn7phfehel.i.optimole.com\/cb:3E4p.555\/w:auto\/h:auto\/q:mauto\/f:best\/https:\/\/cortesancarlo.it\/wp-content\/uploads\/2025\/12\/corte-san-carlo-nei-dintorni.webp 800w, https:\/\/mlbn7phfehel.i.optimole.com\/cb:3E4p.555\/w:300\/h:225\/q:mauto\/f:best\/https:\/\/cortesancarlo.it\/wp-content\/uploads\/2025\/12\/corte-san-carlo-nei-dintorni.webp 300w, https:\/\/mlbn7phfehel.i.optimole.com\/cb:3E4p.555\/w:768\/h:576\/q:mauto\/f:best\/https:\/\/cortesancarlo.it\/wp-content\/uploads\/2025\/12\/corte-san-carlo-nei-dintorni.webp 768w, https:\/\/mlbn7phfehel.i.optimole.com\/cb:3E4p.555\/w:16\/h:12\/q:mauto\/f:best\/dpr:2\/https:\/\/cortesancarlo.it\/wp-content\/uploads\/2025\/12\/corte-san-carlo-nei-dintorni.webp 16w\">\n<\/div>\n<div class=\"ee-imagebox-content\">\n      <p class=\"ee-imagebox-title bde-h3\" >Sport und Spa\u00df<\/p>\n    \n      <div class=\"ee-imagebox-text\" >In unmittelbarer N\u00e4he befinden sich die Thermen von Col\u00e0, die man auch zu Fu\u00df erreichen kann. Es gibt ideale Routen zum Radfahren, Wanderungen von unserer Anlage aus ins Hinterland oder entlang des Sees.  Golfpl\u00e4tze in unmittelbarer N\u00e4he, Reitm\u00f6glichkeiten (direkt am See), sowie Vergn\u00fcgungsparks wie Gardaland, Sealife (Aquarium), Aquaparadise (Canevaworld), Movieland Park, \"Natura VIVA\" Park (Zoo-Safari), Sigurt\u00e0 Gartenpark und das \u00d6lmuseum.  Die Seilbahn in Malcesine bringt Sie in nur 10 Minuten auf den Gipfel des Monte Baldo mit seiner spektakul\u00e4ren Panoramaterrasse mit Blick auf den Gardasee.<\/div>\n    \n  <\/div>\n\n<\/div><div class=\"bde-image-box-1916-118 bde-image-box bde-image-box-content-padding-only\">\n<div class=\"ee-imagebox-image\">\n  <img data-opt-id=543880426  data-opt-src=\"https:\/\/mlbn7phfehel.i.optimole.com\/cb:3E4p.555\/w:auto\/h:auto\/q:mauto\/f:best\/https:\/\/cortesancarlo.it\/wp-content\/uploads\/2025\/12\/verona-1775458_1920.webp\"  decoding=\"async\" class=\"breakdance-image-object\" src=\"data:image/svg+xml,%3Csvg%20viewBox%3D%220%200%20100%%20100%%22%20width%3D%22100%%22%20height%3D%22100%%22%20xmlns%3D%22http%3A%2F%2Fwww.w3.org%2F2000%2Fsvg%22%3E%3Crect%20width%3D%22100%%22%20height%3D%22100%%22%20fill%3D%22transparent%22%2F%3E%3C%2Fsvg%3E\" width=\"1920\" height=\"1280\" old-srcset=\"https:\/\/mlbn7phfehel.i.optimole.com\/cb:3E4p.555\/w:auto\/h:auto\/q:mauto\/f:best\/https:\/\/cortesancarlo.it\/wp-content\/uploads\/2025\/12\/verona-1775458_1920.webp 1920w, https:\/\/mlbn7phfehel.i.optimole.com\/cb:3E4p.555\/w:300\/h:200\/q:mauto\/f:best\/https:\/\/cortesancarlo.it\/wp-content\/uploads\/2025\/12\/verona-1775458_1920.webp 300w, https:\/\/mlbn7phfehel.i.optimole.com\/cb:3E4p.555\/w:1024\/h:683\/q:mauto\/f:best\/https:\/\/cortesancarlo.it\/wp-content\/uploads\/2025\/12\/verona-1775458_1920.webp 1024w, https:\/\/mlbn7phfehel.i.optimole.com\/cb:3E4p.555\/w:768\/h:512\/q:mauto\/f:best\/https:\/\/cortesancarlo.it\/wp-content\/uploads\/2025\/12\/verona-1775458_1920.webp 768w, https:\/\/mlbn7phfehel.i.optimole.com\/cb:3E4p.555\/w:1536\/h:1024\/q:mauto\/f:best\/https:\/\/cortesancarlo.it\/wp-content\/uploads\/2025\/12\/verona-1775458_1920.webp 1536w, https:\/\/mlbn7phfehel.i.optimole.com\/cb:3E4p.555\/w:18\/h:12\/q:mauto\/f:best\/dpr:2\/https:\/\/cortesancarlo.it\/wp-content\/uploads\/2025\/12\/verona-1775458_1920.webp 18w\">\n<\/div>\n<div class=\"ee-imagebox-content\">\n      <p class=\"ee-imagebox-title bde-h3\" >Kultur<\/p>\n    \n      <div class=\"ee-imagebox-text\" >Die sch\u00f6ne Stadt Verona mit ihren historischen Monumenten ist auf jeden Fall einen Besuch wert.  Die tausendj\u00e4hrige Geschichte der Stadt, die durch Shakespeares Geschichte \"Romeo und Julia\" ber\u00fchmt wurde, mit ihrem ber\u00fchmten Balkon, die ARENA Romana, in der im Sommer das ber\u00fchmte Arona-Festival stattfindet, Castelvecchio, die Basilika von San Zeno, sind in 30 Minuten zu erreichen.  Die Stadt Venedig ist 120 km von Col\u00e0 entfernt und kann mit dem Zug oder mit dem Auto erreicht werden oder mit dem Touroperator.<\/div>\n    \n  <\/div>\n\n<\/div><div class=\"bde-image-box-1916-119 bde-image-box bde-image-box-content-padding-only\">\n<div class=\"ee-imagebox-image\">\n  <img data-opt-id=1685176211  data-opt-src=\"https:\/\/mlbn7phfehel.i.optimole.com\/cb:3E4p.555\/w:auto\/h:auto\/q:mauto\/f:best\/https:\/\/cortesancarlo.it\/wp-content\/uploads\/2025\/12\/corte-san-carlo-nei-dintorni-3.webp\"  decoding=\"async\" class=\"breakdance-image-object\" src=\"data:image/svg+xml,%3Csvg%20viewBox%3D%220%200%20100%%20100%%22%20width%3D%22100%%22%20height%3D%22100%%22%20xmlns%3D%22http%3A%2F%2Fwww.w3.org%2F2000%2Fsvg%22%3E%3Crect%20width%3D%22100%%22%20height%3D%22100%%22%20fill%3D%22transparent%22%2F%3E%3C%2Fsvg%3E\" width=\"800\" height=\"533\" old-srcset=\"https:\/\/mlbn7phfehel.i.optimole.com\/cb:3E4p.555\/w:auto\/h:auto\/q:mauto\/f:best\/https:\/\/cortesancarlo.it\/wp-content\/uploads\/2025\/12\/corte-san-carlo-nei-dintorni-3.webp 800w, https:\/\/mlbn7phfehel.i.optimole.com\/cb:3E4p.555\/w:300\/h:200\/q:mauto\/f:best\/https:\/\/cortesancarlo.it\/wp-content\/uploads\/2025\/12\/corte-san-carlo-nei-dintorni-3.webp 300w, https:\/\/mlbn7phfehel.i.optimole.com\/cb:3E4p.555\/w:768\/h:512\/q:mauto\/f:best\/https:\/\/cortesancarlo.it\/wp-content\/uploads\/2025\/12\/corte-san-carlo-nei-dintorni-3.webp 768w, https:\/\/mlbn7phfehel.i.optimole.com\/cb:3E4p.555\/w:18\/h:12\/q:mauto\/f:best\/dpr:2\/https:\/\/cortesancarlo.it\/wp-content\/uploads\/2025\/12\/corte-san-carlo-nei-dintorni-3.webp 18w\">\n<\/div>\n<div class=\"ee-imagebox-content\">\n      <p class=\"ee-imagebox-title bde-h3\" >Radfahren<\/p>\n    \n      <div class=\"ee-imagebox-text\" >In der Residenz \"Corte San Carlo\" finden Sie eine ideale Einrichtung f\u00fcr einen Urlaub mit Ihrem Motorrad oder Fahrrad. Der Gardasee bietet das ganze Jahr \u00fcber wunderbare Ausblicke entlang der ruhigen Stra\u00dfen im Hinterland der Mor\u00e4nenh\u00fcgel und des Sees.  Sie k\u00f6nnen Ihren Urlaub selbst organisieren oder kurze Aufenthalte mit Freunden buchen; abends k\u00f6nnen Sie in traditionellen Trattorien ausgezeichnete Abendessen genie\u00dfen, bei denen Sie unsere gastronomischen Spezialit\u00e4ten in Verbindung mit lokalen Weinen probieren k\u00f6nnen.  Ihr Motorrad oder Fahrrad k\u00f6nnen Sie sicher in unserer Garage abstellen.<\/div>\n    \n  <\/div>\n\n<\/div>\n<\/div><\/div>\n<\/section>","protected":false},"excerpt":{"rendered":"<p>Nei dintorni Una territorio tutto da scoprire A pochi passi dal residence si trovano le rinomate Terme di Col\u00e0, un\u2019oasi di benessere immersa nel verde, raggiungibile comodamente anche a piedi. I dintorni sono perfetti per chi ama muoversi all\u2019aria aperta, con percorsi ideali per passeggiate rilassanti, itinerari ciclabili tra l\u2019entroterra e il lago, oltre alla [&hellip;]<\/p>","protected":false},"author":2,"featured_media":0,"parent":0,"menu_order":0,"comment_status":"closed","ping_status":"closed","template":"","meta":{"_breakdance_hide_in_design_set":false,"_breakdance_tags":"","footnotes":""},"class_list":["post-1916","page","type-page","status-publish","hentry"],"_links":{"self":[{"href":"https:\/\/cortesancarlo.it\/de\/wp-json\/wp\/v2\/pages\/1916","targetHints":{"allow":["GET"]}}],"collection":[{"href":"https:\/\/cortesancarlo.it\/de\/wp-json\/wp\/v2\/pages"}],"about":[{"href":"https:\/\/cortesancarlo.it\/de\/wp-json\/wp\/v2\/types\/page"}],"author":[{"embeddable":true,"href":"https:\/\/cortesancarlo.it\/de\/wp-json\/wp\/v2\/users\/2"}],"replies":[{"embeddable":true,"href":"https:\/\/cortesancarlo.it\/de\/wp-json\/wp\/v2\/comments?post=1916"}],"version-history":[{"count":13,"href":"https:\/\/cortesancarlo.it\/de\/wp-json\/wp\/v2\/pages\/1916\/revisions"}],"predecessor-version":[{"id":2263,"href":"https:\/\/cortesancarlo.it\/de\/wp-json\/wp\/v2\/pages\/1916\/revisions\/2263"}],"wp:attachment":[{"href":"https:\/\/cortesancarlo.it\/de\/wp-json\/wp\/v2\/media?parent=1916"}],"curies":[{"name":"wp","href":"https:\/\/api.w.org\/{rel}","templated":true}]}}