{"id":1915,"date":"2025-12-04T11:34:29","date_gmt":"2025-12-04T11:34:29","guid":{"rendered":"https:\/\/cortesancarlo.it\/wellness\/"},"modified":"2025-12-04T16:13:24","modified_gmt":"2025-12-04T16:13:24","slug":"wellness","status":"publish","type":"page","link":"https:\/\/cortesancarlo.it\/de\/wellness\/","title":{"rendered":"Wellness"},"content":{"rendered":"<section class=\"bde-section-1915-100 bde-section\">\n              \n  \n  \n\t\n\n  <div class=\"section-background-overlay\"><\/div>\n\n\n<div class=\"section-container\"><h1 class=\"bde-heading-1915-101 bde-heading\">\nWellness-Bereich\n<\/h1><\/div>\n<\/section><section id=\"scroll\" class=\"bde-section-1915-107 bde-section\">\n  \n  \n\t\n\n\n\n<div class=\"section-container\"><div class=\"bde-columns-1915-108 bde-columns\"><div class=\"bde-column-1915-109 bde-column\">\n  \n  \n\t\n\n\n\n<div class=\"bde-text-1915-110 bde-text\">\n\n<\/div><h3 class=\"bde-heading-1915-111 bde-heading\">\nEine erholsame Pause\n<\/h3><div class=\"bde-text-1915-112 bde-text\">\nIm Corte San Carlo wird Wellness zu einem ganzheitlichen Erlebnis, bei dem jedes Detail darauf ausgerichtet ist, K\u00f6rper und Geist zu regenerieren. Unser Wellnessbereich ist eine Oase der Ruhe, ideal, um w\u00e4hrend Ihres Aufenthalts in Lazise Momente der Entspannung zu genie\u00dfen und neue Energie zu tanken.<br><br>Sie k\u00f6nnen Ihre Wellness-Reise im Entspannungsbereich beginnen, einem ruhigen und gem\u00fctlichen Ort, an dem Sie Ihren Geist entspannen und den Alltagsstress hinter sich lassen k\u00f6nnen. Nach ein paar Momenten der Ruhe empfehlen wir Ihnen, die Kaltwasserwanne auszuprobieren, die aus einem alten Fass hergestellt wurde, das einst zum Keltern von Wein verwendet wurde: Das belebende Bad, vor allem nach einer Sauna oder einem Dampfbad, regt den Kreislauf an und weckt die Sinne.\n<\/div><img data-opt-id=261612611  fetchpriority=\"high\" decoding=\"async\" class=\"bde-image2-1915-113 bde-image2\" src=\"https:\/\/mlbn7phfehel.i.optimole.com\/cb:3E4p.555\/w:auto\/h:auto\/q:mauto\/f:best\/https:\/\/cortesancarlo.it\/wp-content\/uploads\/2025\/12\/corte-san-carlo-varie-1.webp\" loading=\"lazy\" srcset=\"https:\/\/mlbn7phfehel.i.optimole.com\/cb:3E4p.555\/w:auto\/h:auto\/q:mauto\/f:best\/https:\/\/cortesancarlo.it\/wp-content\/uploads\/2025\/12\/corte-san-carlo-varie-1.webp 2000w, https:\/\/mlbn7phfehel.i.optimole.com\/cb:3E4p.555\/w:300\/h:200\/q:mauto\/f:best\/https:\/\/cortesancarlo.it\/wp-content\/uploads\/2025\/12\/corte-san-carlo-varie-1.webp 300w, https:\/\/mlbn7phfehel.i.optimole.com\/cb:3E4p.555\/w:1024\/h:682\/q:mauto\/f:best\/https:\/\/cortesancarlo.it\/wp-content\/uploads\/2025\/12\/corte-san-carlo-varie-1.webp 1024w, https:\/\/mlbn7phfehel.i.optimole.com\/cb:3E4p.555\/w:768\/h:512\/q:mauto\/f:best\/https:\/\/cortesancarlo.it\/wp-content\/uploads\/2025\/12\/corte-san-carlo-varie-1.webp 768w, https:\/\/mlbn7phfehel.i.optimole.com\/cb:3E4p.555\/w:1536\/h:1024\/q:mauto\/f:best\/https:\/\/cortesancarlo.it\/wp-content\/uploads\/2025\/12\/corte-san-carlo-varie-1.webp 1536w, https:\/\/mlbn7phfehel.i.optimole.com\/cb:3E4p.555\/w:18\/h:12\/q:mauto\/f:best\/dpr:2\/https:\/\/cortesancarlo.it\/wp-content\/uploads\/2025\/12\/corte-san-carlo-varie-1.webp 18w\" sizes=\"(max-width: 2000px) 100vw, 2000px\">\n<\/div><div class=\"bde-column-1915-114 bde-column\">\n  \n  \n\t\n\n\n\n<img data-opt-id=1406364377  fetchpriority=\"high\" decoding=\"async\" class=\"bde-image2-1915-115 bde-image2\" src=\"https:\/\/mlbn7phfehel.i.optimole.com\/cb:3E4p.555\/w:auto\/h:auto\/q:mauto\/f:best\/https:\/\/cortesancarlo.it\/wp-content\/uploads\/2025\/12\/corte-san-carlo-varie-4.webp\" loading=\"lazy\" srcset=\"https:\/\/mlbn7phfehel.i.optimole.com\/cb:3E4p.555\/w:auto\/h:auto\/q:mauto\/f:best\/https:\/\/cortesancarlo.it\/wp-content\/uploads\/2025\/12\/corte-san-carlo-varie-4.webp 2000w, https:\/\/mlbn7phfehel.i.optimole.com\/cb:3E4p.555\/w:300\/h:200\/q:mauto\/f:best\/https:\/\/cortesancarlo.it\/wp-content\/uploads\/2025\/12\/corte-san-carlo-varie-4.webp 300w, https:\/\/mlbn7phfehel.i.optimole.com\/cb:3E4p.555\/w:1024\/h:682\/q:mauto\/f:best\/https:\/\/cortesancarlo.it\/wp-content\/uploads\/2025\/12\/corte-san-carlo-varie-4.webp 1024w, https:\/\/mlbn7phfehel.i.optimole.com\/cb:3E4p.555\/w:768\/h:512\/q:mauto\/f:best\/https:\/\/cortesancarlo.it\/wp-content\/uploads\/2025\/12\/corte-san-carlo-varie-4.webp 768w, https:\/\/mlbn7phfehel.i.optimole.com\/cb:3E4p.555\/w:1536\/h:1024\/q:mauto\/f:best\/https:\/\/cortesancarlo.it\/wp-content\/uploads\/2025\/12\/corte-san-carlo-varie-4.webp 1536w, https:\/\/mlbn7phfehel.i.optimole.com\/cb:3E4p.555\/w:18\/h:12\/q:mauto\/f:best\/dpr:2\/https:\/\/cortesancarlo.it\/wp-content\/uploads\/2025\/12\/corte-san-carlo-varie-4.webp 18w\" sizes=\"(max-width: 2000px) 100vw, 2000px\"><div class=\"bde-text-1915-116 bde-text\">\nIm Au\u00dfenbereich l\u00e4dt das beheizte Schwimmbad, das von April bis Oktober ge\u00f6ffnet ist, zum Schwimmen ein, oder Sie lassen sich einfach vom Whirlpool und dem belebenden Wasserfall verw\u00f6hnen und erleben so pure Entspannung an der frischen Luft. Im Inneren bietet die finnische Sauna eine einh\u00fcllende W\u00e4rme, die perfekt ist, um den K\u00f6rper zu entschlacken und die Muskeln zu entspannen, w\u00e4hrend das Dampfbad die Reise mit einem Gef\u00fchl der Leichtigkeit und neuer Energie abschlie\u00dft.<br><br>Jedes Element unseres Wellness-Zentrums ist darauf ausgerichtet, ein authentisches und verj\u00fcngendes Erlebnis zu bieten, bei dem Geschichte, Komfort und Wellness in einer harmonischen Reise zusammenkommen.\n<\/div><img data-opt-id=1406364377  data-opt-src=\"https:\/\/mlbn7phfehel.i.optimole.com\/cb:3E4p.555\/w:auto\/h:auto\/q:mauto\/f:best\/https:\/\/cortesancarlo.it\/wp-content\/uploads\/2025\/12\/corte-san-carlo-varie-4.webp\"  decoding=\"async\" class=\"bde-image2-1915-117 bde-image2\" src=\"data:image/svg+xml,%3Csvg%20viewBox%3D%220%200%20100%%20100%%22%20width%3D%22100%%22%20height%3D%22100%%22%20xmlns%3D%22http%3A%2F%2Fwww.w3.org%2F2000%2Fsvg%22%3E%3Crect%20width%3D%22100%%22%20height%3D%22100%%22%20fill%3D%22transparent%22%2F%3E%3C%2Fsvg%3E\" loading=\"lazy\" old-srcset=\"https:\/\/mlbn7phfehel.i.optimole.com\/cb:3E4p.555\/w:auto\/h:auto\/q:mauto\/f:best\/https:\/\/cortesancarlo.it\/wp-content\/uploads\/2025\/12\/corte-san-carlo-varie-4.webp 2000w, https:\/\/mlbn7phfehel.i.optimole.com\/cb:3E4p.555\/w:300\/h:200\/q:mauto\/f:best\/https:\/\/cortesancarlo.it\/wp-content\/uploads\/2025\/12\/corte-san-carlo-varie-4.webp 300w, https:\/\/mlbn7phfehel.i.optimole.com\/cb:3E4p.555\/w:1024\/h:682\/q:mauto\/f:best\/https:\/\/cortesancarlo.it\/wp-content\/uploads\/2025\/12\/corte-san-carlo-varie-4.webp 1024w, https:\/\/mlbn7phfehel.i.optimole.com\/cb:3E4p.555\/w:768\/h:512\/q:mauto\/f:best\/https:\/\/cortesancarlo.it\/wp-content\/uploads\/2025\/12\/corte-san-carlo-varie-4.webp 768w, https:\/\/mlbn7phfehel.i.optimole.com\/cb:3E4p.555\/w:1536\/h:1024\/q:mauto\/f:best\/https:\/\/cortesancarlo.it\/wp-content\/uploads\/2025\/12\/corte-san-carlo-varie-4.webp 1536w, https:\/\/mlbn7phfehel.i.optimole.com\/cb:3E4p.555\/w:18\/h:12\/q:mauto\/f:best\/dpr:2\/https:\/\/cortesancarlo.it\/wp-content\/uploads\/2025\/12\/corte-san-carlo-varie-4.webp 18w\">\n<\/div><\/div><\/div>\n<\/section><section class=\"bde-section-1915-118 bde-section\">\n  \n  \n\t\n\n\n\n<div class=\"section-container\"><h3 class=\"bde-heading-1915-119 bde-heading\">\nWas Sie im Wellness-Bereich finden werden \n<\/h3><div class=\"bde-grid-1915-120 bde-grid\">\n  \n  \n\t\n\n\n\n<div class=\"bde-image-box-1915-121 bde-image-box bde-image-box-content-padding-only\">\n<div class=\"ee-imagebox-image\">\n  <img data-opt-id=786325601  data-opt-src=\"https:\/\/mlbn7phfehel.i.optimole.com\/cb:3E4p.555\/w:auto\/h:auto\/q:mauto\/f:best\/https:\/\/cortesancarlo.it\/wp-content\/uploads\/2025\/12\/corte-san-carlo-wellness.webp\"  decoding=\"async\" class=\"breakdance-image-object\" src=\"data:image/svg+xml,%3Csvg%20viewBox%3D%220%200%20100%%20100%%22%20width%3D%22100%%22%20height%3D%22100%%22%20xmlns%3D%22http%3A%2F%2Fwww.w3.org%2F2000%2Fsvg%22%3E%3Crect%20width%3D%22100%%22%20height%3D%22100%%22%20fill%3D%22transparent%22%2F%3E%3C%2Fsvg%3E\" width=\"800\" height=\"624\" old-srcset=\"https:\/\/mlbn7phfehel.i.optimole.com\/cb:3E4p.555\/w:auto\/h:auto\/q:mauto\/f:best\/https:\/\/cortesancarlo.it\/wp-content\/uploads\/2025\/12\/corte-san-carlo-wellness.webp 800w, https:\/\/mlbn7phfehel.i.optimole.com\/cb:3E4p.555\/w:300\/h:234\/q:mauto\/f:best\/https:\/\/cortesancarlo.it\/wp-content\/uploads\/2025\/12\/corte-san-carlo-wellness.webp 300w, https:\/\/mlbn7phfehel.i.optimole.com\/cb:3E4p.555\/w:768\/h:599\/q:mauto\/f:best\/https:\/\/cortesancarlo.it\/wp-content\/uploads\/2025\/12\/corte-san-carlo-wellness.webp 768w, https:\/\/mlbn7phfehel.i.optimole.com\/cb:3E4p.555\/w:15\/h:12\/q:mauto\/f:best\/dpr:2\/https:\/\/cortesancarlo.it\/wp-content\/uploads\/2025\/12\/corte-san-carlo-wellness.webp 15w\">\n<\/div>\n<div class=\"ee-imagebox-content\">\n      <p class=\"ee-imagebox-title bde-h3\" >Entspannungsbereich<\/p>\n    \n      <div class=\"ee-imagebox-text\" >Unser Realax-Bereich soll den G\u00e4sten einen ruhigen und komfortablen Ort bieten, an dem sie sich w\u00e4hrend ihres Aufenthalts entspannen und verj\u00fcngen k\u00f6nnen.<\/div>\n    \n  <\/div>\n\n<\/div><div class=\"bde-image-box-1915-122 bde-image-box bde-image-box-content-padding-only\">\n<div class=\"ee-imagebox-image\">\n  <img data-opt-id=1569385720  data-opt-src=\"https:\/\/mlbn7phfehel.i.optimole.com\/cb:3E4p.555\/w:auto\/h:auto\/q:mauto\/f:best\/https:\/\/cortesancarlo.it\/wp-content\/uploads\/2025\/12\/corte-san-carlo-varie-2.webp\"  decoding=\"async\" class=\"breakdance-image-object\" src=\"data:image/svg+xml,%3Csvg%20viewBox%3D%220%200%20100%%20100%%22%20width%3D%22100%%22%20height%3D%22100%%22%20xmlns%3D%22http%3A%2F%2Fwww.w3.org%2F2000%2Fsvg%22%3E%3Crect%20width%3D%22100%%22%20height%3D%22100%%22%20fill%3D%22transparent%22%2F%3E%3C%2Fsvg%3E\" width=\"2000\" height=\"1333\" old-srcset=\"https:\/\/mlbn7phfehel.i.optimole.com\/cb:3E4p.555\/w:auto\/h:auto\/q:mauto\/f:best\/https:\/\/cortesancarlo.it\/wp-content\/uploads\/2025\/12\/corte-san-carlo-varie-2.webp 2000w, https:\/\/mlbn7phfehel.i.optimole.com\/cb:3E4p.555\/w:300\/h:200\/q:mauto\/f:best\/https:\/\/cortesancarlo.it\/wp-content\/uploads\/2025\/12\/corte-san-carlo-varie-2.webp 300w, https:\/\/mlbn7phfehel.i.optimole.com\/cb:3E4p.555\/w:1024\/h:682\/q:mauto\/f:best\/https:\/\/cortesancarlo.it\/wp-content\/uploads\/2025\/12\/corte-san-carlo-varie-2.webp 1024w, https:\/\/mlbn7phfehel.i.optimole.com\/cb:3E4p.555\/w:768\/h:512\/q:mauto\/f:best\/https:\/\/cortesancarlo.it\/wp-content\/uploads\/2025\/12\/corte-san-carlo-varie-2.webp 768w, https:\/\/mlbn7phfehel.i.optimole.com\/cb:3E4p.555\/w:1536\/h:1024\/q:mauto\/f:best\/https:\/\/cortesancarlo.it\/wp-content\/uploads\/2025\/12\/corte-san-carlo-varie-2.webp 1536w, https:\/\/mlbn7phfehel.i.optimole.com\/cb:3E4p.555\/w:18\/h:12\/q:mauto\/f:best\/dpr:2\/https:\/\/cortesancarlo.it\/wp-content\/uploads\/2025\/12\/corte-san-carlo-varie-2.webp 18w\">\n<\/div>\n<div class=\"ee-imagebox-content\">\n      <p class=\"ee-imagebox-title bde-h3\" >Kaltwasserbottich<\/p>\n    \n      <div class=\"ee-imagebox-text\" >Das Kaltwasserbecken wurde aus einem alten Weinfass geschnitzt. Dieses wurde zum Keltern von Wein verwendet und zeugt von der Geschichte unserer Einrichtung. Probieren Sie das belebende Bad nach einem Saunagang oder einem Dampfbad, um Ihren Blutkreislauf zu reaktivieren und<\/div>\n    \n  <\/div>\n\n<\/div><div class=\"bde-image-box-1915-123 bde-image-box bde-image-box-content-padding-only\">\n<div class=\"ee-imagebox-image\">\n  <img data-opt-id=261612611  data-opt-src=\"https:\/\/mlbn7phfehel.i.optimole.com\/cb:3E4p.555\/w:auto\/h:auto\/q:mauto\/f:best\/https:\/\/cortesancarlo.it\/wp-content\/uploads\/2025\/12\/corte-san-carlo-varie-1.webp\"  decoding=\"async\" class=\"breakdance-image-object\" src=\"data:image/svg+xml,%3Csvg%20viewBox%3D%220%200%20100%%20100%%22%20width%3D%22100%%22%20height%3D%22100%%22%20xmlns%3D%22http%3A%2F%2Fwww.w3.org%2F2000%2Fsvg%22%3E%3Crect%20width%3D%22100%%22%20height%3D%22100%%22%20fill%3D%22transparent%22%2F%3E%3C%2Fsvg%3E\" width=\"2000\" height=\"1333\" old-srcset=\"https:\/\/mlbn7phfehel.i.optimole.com\/cb:3E4p.555\/w:auto\/h:auto\/q:mauto\/f:best\/https:\/\/cortesancarlo.it\/wp-content\/uploads\/2025\/12\/corte-san-carlo-varie-1.webp 2000w, https:\/\/mlbn7phfehel.i.optimole.com\/cb:3E4p.555\/w:300\/h:200\/q:mauto\/f:best\/https:\/\/cortesancarlo.it\/wp-content\/uploads\/2025\/12\/corte-san-carlo-varie-1.webp 300w, https:\/\/mlbn7phfehel.i.optimole.com\/cb:3E4p.555\/w:1024\/h:682\/q:mauto\/f:best\/https:\/\/cortesancarlo.it\/wp-content\/uploads\/2025\/12\/corte-san-carlo-varie-1.webp 1024w, https:\/\/mlbn7phfehel.i.optimole.com\/cb:3E4p.555\/w:768\/h:512\/q:mauto\/f:best\/https:\/\/cortesancarlo.it\/wp-content\/uploads\/2025\/12\/corte-san-carlo-varie-1.webp 768w, https:\/\/mlbn7phfehel.i.optimole.com\/cb:3E4p.555\/w:1536\/h:1024\/q:mauto\/f:best\/https:\/\/cortesancarlo.it\/wp-content\/uploads\/2025\/12\/corte-san-carlo-varie-1.webp 1536w, https:\/\/mlbn7phfehel.i.optimole.com\/cb:3E4p.555\/w:18\/h:12\/q:mauto\/f:best\/dpr:2\/https:\/\/cortesancarlo.it\/wp-content\/uploads\/2025\/12\/corte-san-carlo-varie-1.webp 18w\">\n<\/div>\n<div class=\"ee-imagebox-content\">\n      <p class=\"ee-imagebox-title bde-h3\" >Beheizter Au\u00dfenpool<\/p>\n    \n      <div class=\"ee-imagebox-text\" >Unser beheizter Pool ist von April bis Oktober ge\u00f6ffnet und verf\u00fcgt \u00fcber einen Whirlpool und einen belebenden Wasserfall.<\/div>\n    \n  <\/div>\n\n<\/div><div class=\"bde-image-box-1915-124 bde-image-box bde-image-box-content-padding-only\">\n<div class=\"ee-imagebox-image\">\n  <img data-opt-id=1508541408  data-opt-src=\"https:\/\/mlbn7phfehel.i.optimole.com\/cb:3E4p.555\/w:auto\/h:auto\/q:mauto\/f:best\/https:\/\/cortesancarlo.it\/wp-content\/uploads\/2025\/12\/corte-san-carlo-wellness-3.webp\"  decoding=\"async\" class=\"breakdance-image-object\" src=\"data:image/svg+xml,%3Csvg%20viewBox%3D%220%200%20100%%20100%%22%20width%3D%22100%%22%20height%3D%22100%%22%20xmlns%3D%22http%3A%2F%2Fwww.w3.org%2F2000%2Fsvg%22%3E%3Crect%20width%3D%22100%%22%20height%3D%22100%%22%20fill%3D%22transparent%22%2F%3E%3C%2Fsvg%3E\" width=\"800\" height=\"533\" old-srcset=\"https:\/\/mlbn7phfehel.i.optimole.com\/cb:3E4p.555\/w:auto\/h:auto\/q:mauto\/f:best\/https:\/\/cortesancarlo.it\/wp-content\/uploads\/2025\/12\/corte-san-carlo-wellness-3.webp 800w, https:\/\/mlbn7phfehel.i.optimole.com\/cb:3E4p.555\/w:300\/h:200\/q:mauto\/f:best\/https:\/\/cortesancarlo.it\/wp-content\/uploads\/2025\/12\/corte-san-carlo-wellness-3.webp 300w, https:\/\/mlbn7phfehel.i.optimole.com\/cb:3E4p.555\/w:768\/h:512\/q:mauto\/f:best\/https:\/\/cortesancarlo.it\/wp-content\/uploads\/2025\/12\/corte-san-carlo-wellness-3.webp 768w, https:\/\/mlbn7phfehel.i.optimole.com\/cb:3E4p.555\/w:18\/h:12\/q:mauto\/f:best\/dpr:2\/https:\/\/cortesancarlo.it\/wp-content\/uploads\/2025\/12\/corte-san-carlo-wellness-3.webp 18w\">\n<\/div>\n<div class=\"ee-imagebox-content\">\n      <p class=\"ee-imagebox-title bde-h3\" >Sauna<\/p>\n    \n      <div class=\"ee-imagebox-text\" >Unsere finnische Sauna bietet bequem Platz f\u00fcr mehrere Personen, die sich gemeinsam entspannen k\u00f6nnen.<\/div>\n    \n  <\/div>\n\n<\/div><div class=\"bde-image-box-1915-125 bde-image-box bde-image-box-content-padding-only\">\n<div class=\"ee-imagebox-image\">\n  <img data-opt-id=1535538051  data-opt-src=\"https:\/\/mlbn7phfehel.i.optimole.com\/cb:3E4p.555\/w:auto\/h:auto\/q:mauto\/f:best\/https:\/\/cortesancarlo.it\/wp-content\/uploads\/2025\/12\/corte-san-carlo-wellness-4.webp\"  decoding=\"async\" class=\"breakdance-image-object\" src=\"data:image/svg+xml,%3Csvg%20viewBox%3D%220%200%20100%%20100%%22%20width%3D%22100%%22%20height%3D%22100%%22%20xmlns%3D%22http%3A%2F%2Fwww.w3.org%2F2000%2Fsvg%22%3E%3Crect%20width%3D%22100%%22%20height%3D%22100%%22%20fill%3D%22transparent%22%2F%3E%3C%2Fsvg%3E\" width=\"800\" height=\"533\" old-srcset=\"https:\/\/mlbn7phfehel.i.optimole.com\/cb:3E4p.555\/w:auto\/h:auto\/q:mauto\/f:best\/https:\/\/cortesancarlo.it\/wp-content\/uploads\/2025\/12\/corte-san-carlo-wellness-4.webp 800w, https:\/\/mlbn7phfehel.i.optimole.com\/cb:3E4p.555\/w:300\/h:200\/q:mauto\/f:best\/https:\/\/cortesancarlo.it\/wp-content\/uploads\/2025\/12\/corte-san-carlo-wellness-4.webp 300w, https:\/\/mlbn7phfehel.i.optimole.com\/cb:3E4p.555\/w:768\/h:512\/q:mauto\/f:best\/https:\/\/cortesancarlo.it\/wp-content\/uploads\/2025\/12\/corte-san-carlo-wellness-4.webp 768w, https:\/\/mlbn7phfehel.i.optimole.com\/cb:3E4p.555\/w:18\/h:12\/q:mauto\/f:best\/dpr:2\/https:\/\/cortesancarlo.it\/wp-content\/uploads\/2025\/12\/corte-san-carlo-wellness-4.webp 18w\">\n<\/div>\n<div class=\"ee-imagebox-content\">\n      <p class=\"ee-imagebox-title bde-h3\" >Dampfbad<\/p>\n    \n      <div class=\"ee-imagebox-text\" >In unserem Wellnessbereich k\u00f6nnen Sie sich auch mit einem t\u00fcrkischen Bad verw\u00f6hnen lassen und entspannt und erfrischt nach Hause gehen.<\/div>\n    \n  <\/div>\n\n<\/div><div class=\"bde-image-box-1915-126 bde-image-box bde-image-box-content-padding-only\">\n<div class=\"ee-imagebox-image\">\n  <img data-opt-id=589687554  data-opt-src=\"https:\/\/mlbn7phfehel.i.optimole.com\/cb:3E4p.555\/w:auto\/h:auto\/q:mauto\/f:best\/https:\/\/cortesancarlo.it\/wp-content\/uploads\/2025\/12\/corte-san-carlo-wellness-2-1.webp\"  decoding=\"async\" class=\"breakdance-image-object\" src=\"data:image/svg+xml,%3Csvg%20viewBox%3D%220%200%20100%%20100%%22%20width%3D%22100%%22%20height%3D%22100%%22%20xmlns%3D%22http%3A%2F%2Fwww.w3.org%2F2000%2Fsvg%22%3E%3Crect%20width%3D%22100%%22%20height%3D%22100%%22%20fill%3D%22transparent%22%2F%3E%3C%2Fsvg%3E\" width=\"1920\" height=\"1281\" old-srcset=\"https:\/\/mlbn7phfehel.i.optimole.com\/cb:3E4p.555\/w:auto\/h:auto\/q:mauto\/f:best\/https:\/\/cortesancarlo.it\/wp-content\/uploads\/2025\/12\/corte-san-carlo-wellness-2-1.webp 1920w, https:\/\/mlbn7phfehel.i.optimole.com\/cb:3E4p.555\/w:300\/h:200\/q:mauto\/f:best\/https:\/\/cortesancarlo.it\/wp-content\/uploads\/2025\/12\/corte-san-carlo-wellness-2-1.webp 300w, https:\/\/mlbn7phfehel.i.optimole.com\/cb:3E4p.555\/w:1024\/h:683\/q:mauto\/f:best\/https:\/\/cortesancarlo.it\/wp-content\/uploads\/2025\/12\/corte-san-carlo-wellness-2-1.webp 1024w, https:\/\/mlbn7phfehel.i.optimole.com\/cb:3E4p.555\/w:768\/h:512\/q:mauto\/f:best\/https:\/\/cortesancarlo.it\/wp-content\/uploads\/2025\/12\/corte-san-carlo-wellness-2-1.webp 768w, https:\/\/mlbn7phfehel.i.optimole.com\/cb:3E4p.555\/w:1536\/h:1025\/q:mauto\/f:best\/https:\/\/cortesancarlo.it\/wp-content\/uploads\/2025\/12\/corte-san-carlo-wellness-2-1.webp 1536w, https:\/\/mlbn7phfehel.i.optimole.com\/cb:3E4p.555\/w:18\/h:12\/q:mauto\/f:best\/dpr:2\/https:\/\/cortesancarlo.it\/wp-content\/uploads\/2025\/12\/corte-san-carlo-wellness-2-1.webp 18w\">\n<\/div>\n<div class=\"ee-imagebox-content\">\n      <p class=\"ee-imagebox-title bde-h3\" >Whirlpool-Badewanne<\/p>\n    \n      <div class=\"ee-imagebox-text\" >Sie k\u00f6nnen sich auch einen Moment im Whirlpool g\u00f6nnen und sich von Bl\u00e4schen und W\u00e4rme umh\u00fcllen lassen, um tief zu entspannen.<\/div>\n    \n  <\/div>\n\n<\/div>\n<\/div><\/div>\n<\/section>","protected":false},"excerpt":{"rendered":"<p>Area Wellness Una pausa rigenerante A Corte San Carlo il benessere diventa un\u2019esperienza completa, dove ogni dettaglio \u00e8 pensato per rigenerare corpo e mente. La nostra area wellness \u00e8 un\u2019oasi di tranquillit\u00e0, ideale per concedersi momenti di relax e ritrovare energia durante il soggiorno a Lazise.Potrete iniziare il vostro percorso di benessere nell\u2019area relax, un [&hellip;]<\/p>","protected":false},"author":2,"featured_media":0,"parent":0,"menu_order":0,"comment_status":"closed","ping_status":"closed","template":"","meta":{"_breakdance_hide_in_design_set":false,"_breakdance_tags":"","footnotes":""},"class_list":["post-1915","page","type-page","status-publish","hentry"],"_links":{"self":[{"href":"https:\/\/cortesancarlo.it\/de\/wp-json\/wp\/v2\/pages\/1915","targetHints":{"allow":["GET"]}}],"collection":[{"href":"https:\/\/cortesancarlo.it\/de\/wp-json\/wp\/v2\/pages"}],"about":[{"href":"https:\/\/cortesancarlo.it\/de\/wp-json\/wp\/v2\/types\/page"}],"author":[{"embeddable":true,"href":"https:\/\/cortesancarlo.it\/de\/wp-json\/wp\/v2\/users\/2"}],"replies":[{"embeddable":true,"href":"https:\/\/cortesancarlo.it\/de\/wp-json\/wp\/v2\/comments?post=1915"}],"version-history":[{"count":19,"href":"https:\/\/cortesancarlo.it\/de\/wp-json\/wp\/v2\/pages\/1915\/revisions"}],"predecessor-version":[{"id":2080,"href":"https:\/\/cortesancarlo.it\/de\/wp-json\/wp\/v2\/pages\/1915\/revisions\/2080"}],"wp:attachment":[{"href":"https:\/\/cortesancarlo.it\/de\/wp-json\/wp\/v2\/media?parent=1915"}],"curies":[{"name":"wp","href":"https:\/\/api.w.org\/{rel}","templated":true}]}}